{"id":108,"date":"2019-07-11T17:16:42","date_gmt":"2019-07-11T15:16:42","guid":{"rendered":"http:\/\/www.nuovaagis.it\/?page_id=108"},"modified":"2020-09-01T11:55:05","modified_gmt":"2020-09-01T09:55:05","slug":"certificati-medici","status":"publish","type":"page","link":"https:\/\/www.nuovaagis.it\/index.php\/certificati-medici\/","title":{"rendered":"Certificati Medici"},"content":{"rendered":"\n<p class=\"has-text-align-center\"><strong>Attivit\u00e0 sportiva. Da 0 a 6 anni non serve certificato medico, tranne casi specifici indicati dal pediatra.&nbsp;<\/strong><br><strong>Il decreto del Ministero<\/strong><\/p>\n\n\n\n<p class=\"has-small-font-size\">[Per i bambini sotto i 6 anni non sar\u00e0 pi\u00f9 obbligatorio presentare il certificato medico sportivo. Lo hanno stabilito in un decreto congiunto i ministri della Salute Beatrice Lorenzin e dello Sport Luca Lotti. La decisione parte da una richiesta della Federazione italiana medici pediatri (Fimp), che gi\u00e0 nel 2015 aveva segnalato la necessit\u00e0 &#8220;di escludere dall&#8217;obbligo della certificazione medica l&#8217;attivit\u00e0 sportiva per la fascia di et\u00e0 compresa tra 0 e 6 anni, al fine di promuovere l&#8217;attivit\u00e0 fisica organizzata dei bambini, di facilitare l&#8217;approccio all&#8217;attivit\u00e0 motoria costante fin dai primi anni di vita, di favorire un corretto modello di comportamento permanente, nonch\u00e9 di non gravare i cittadini ed il Servizio sanitario nazionale di ulteriori onerosi accertamenti e certificazioni&#8221;. Per questo, si legge nel decreto, &#8220;Non sono sottoposti ad obbligo di certificazione medica, per l&#8217;esercizio dell&#8217;attivit\u00e0 sportiva in et\u00e0 prescolare, i bambini di et\u00e0 compresa tra 0 e 6 anni, ad eccezione dei casi specifici indicati dal pediatra&#8221;.] <\/p>\n\n\n\n<p class=\"has-vivid-red-color has-text-color has-small-font-size\"><strong>LA NUOVA AGIS SI SENTE COMUNQUE DI\nCONSIGLIARE DI FAR RILASCIARE DALLA PEDIATRA UN CERTIFICATO DI BUONA E ROBUSTA\nCOSTITUZIONE.<\/strong><\/p>\n\n\n\n<p class=\"has-text-align-center\"><a href=\"https:\/\/www.nuovaagis.it\/index.php\/decreto-lorenzin\/\">Scarica Decreto Lorenzin<\/a><\/p>\n\n\n\n<p class=\"has-text-align-center\"><strong>PER TUTTI GLI ALTRI<\/strong><br> <strong>Il certificato agonistico<\/strong> <\/p>\n\n\n\n<p>La disciplina della certificazione medica per l\u2019esercizio di attivit\u00e0 sportiva agonistica lascia alle FSN, DSA e EPS il compito di qualificare le singole e specifiche attivit\u00e0 sportive come agonistiche o non agonistiche.&nbsp;Significa che all\u2019interno della stessa disciplina ci sono diversi livelli con diversa certificazione necessaria:<strong>&nbsp;Sono obbligati ad avere il certificato medico agonistico tutti coloro che praticano un\u2019attivit\u00e0 sportiva ad un livello che gli stessi enti hanno definito agonistica (nel nostro caso la UISP).<\/strong><\/p>\n\n\n\n<p class=\"has-text-align-center\"><strong>Il certificato non agonistico (di sana e robusta costituzione)<\/strong><\/p>\n\n\n\n<p>La certificazione medica per la pratica dell\u2019attivit\u00e0 sportiva non agonistica \u00e8 regolato dal Decreto Ministeriale del 24 aprile 2013 e integrato dalle Linee-Guida, emanate dal Ministro della Salute con Decreto dell\u20198 agosto 2014, nonch\u00e9 dalle successive circolari ministeriali (Nota Esplicativa del 17 giugno 2015 e nota integrativa del 28 ottobre 2015). <br> Sono quindi soggetti al certificato non agonistico tutti gli associati ad una ASD e tesserati presso un ente, che svolgano attivit\u00e0 di un livello medio\/basso, come stabilito dallo stesso ente. La certificazione \u00e8 rilasciata&nbsp;dal proprio medico di medicina generale o pediatra, dal medico specialista in medicina dello sport, ha validit\u00e0 annuale dalla data di rilascio.<\/p>\n\n\n\n<p class=\"has-vivid-red-color has-text-color\"><strong>IMPORTANTE : IL CERTIFICATO, O UNA COPIA DI ESSO, DEVE ESSERE CONSERVATO PER LEGGE DALL\u2019 ASD NUOVA AGIS SASSOFERRATO<\/strong><\/p>\n\n\n\n<p><strong>EFFETTUARE IL CERTIFICATO MEDICO AGONISTICO GRATUITAMENTE IN OSPEDALE A FABRIANO O IN CLINICHE CONVENZIONATE<\/strong> <\/p>\n\n\n\n<p>Recarsi dal proprio medico per fare l\u2019impegnativa VISITA MEDICO-SPORTIVA <strong>codice esenzione I01<\/strong>.<br>Prenotare la visita all\u2019ospedale di Fabriano o presso un clinica convenzionata ASUR.<br>Qualche giorno prima della visita effettuare analisi delle urine.(Nel caso della clinica potrebbe non essere necessario, potrebbe bastare portare le urnie, informatevi)<br>Il giorno della visita presentarsi con esito urine, impegnativa, prenotazione e foglio esenzione ASD NUOVA AGIS Sassoferrato debitamente compilato.<\/p>\n","protected":false},"excerpt":{"rendered":"<p>Attivit\u00e0 sportiva. Da 0 a 6 anni non serve certificato medico, tranne casi specifici indicati dal pediatra.&nbsp;Il decreto del Ministero [Per i bambini sotto i 6 anni non sar\u00e0 pi\u00f9 obbligatorio presentare il certificato medico sportivo. Lo hanno stabilito in un decreto congiunto i ministri della Salute Beatrice Lorenzin e&#8230;<\/p>\n<p> <a class=\"continue-reading-link\" href=\"https:\/\/www.nuovaagis.it\/index.php\/certificati-medici\/\"><span>Continua a leggere<\/span><i class=\"crycon-right-dir\"><\/i><\/a> <\/p>\n","protected":false},"author":1,"featured_media":0,"parent":0,"menu_order":0,"comment_status":"closed","ping_status":"closed","template":"","meta":{"footnotes":""},"class_list":["post-108","page","type-page","status-publish","hentry"],"_links":{"self":[{"href":"https:\/\/www.nuovaagis.it\/index.php\/wp-json\/wp\/v2\/pages\/108","targetHints":{"allow":["GET"]}}],"collection":[{"href":"https:\/\/www.nuovaagis.it\/index.php\/wp-json\/wp\/v2\/pages"}],"about":[{"href":"https:\/\/www.nuovaagis.it\/index.php\/wp-json\/wp\/v2\/types\/page"}],"author":[{"embeddable":true,"href":"https:\/\/www.nuovaagis.it\/index.php\/wp-json\/wp\/v2\/users\/1"}],"replies":[{"embeddable":true,"href":"https:\/\/www.nuovaagis.it\/index.php\/wp-json\/wp\/v2\/comments?post=108"}],"version-history":[{"count":11,"href":"https:\/\/www.nuovaagis.it\/index.php\/wp-json\/wp\/v2\/pages\/108\/revisions"}],"predecessor-version":[{"id":1151,"href":"https:\/\/www.nuovaagis.it\/index.php\/wp-json\/wp\/v2\/pages\/108\/revisions\/1151"}],"wp:attachment":[{"href":"https:\/\/www.nuovaagis.it\/index.php\/wp-json\/wp\/v2\/media?parent=108"}],"curies":[{"name":"wp","href":"https:\/\/api.w.org\/{rel}","templated":true}]}}