{"id":181,"date":"2019-08-07T16:36:41","date_gmt":"2019-08-07T14:36:41","guid":{"rendered":"http:\/\/www.nuovaagis.it\/?page_id=181"},"modified":"2019-08-07T16:36:41","modified_gmt":"2019-08-07T14:36:41","slug":"cookie-policy","status":"publish","type":"page","link":"https:\/\/www.nuovaagis.it\/index.php\/cookie-policy\/","title":{"rendered":"Cookie Policy"},"content":{"rendered":"<div class=\"cli_pg_page_contaner\">\n<h3>A proposito della cookie policy<\/h3>\n<div>\n<p id=\"tw-target-text\" class=\"tw-data-text tw-ta tw-text-small\" dir=\"ltr\" data-placeholder=\"Traduzione\"><span lang=\"it\" tabindex=\"0\">Questa politica sui cookie spiega cosa sono i cookie e come li utilizziamo. \u00c8 necessario leggere questa politica per comprendere quali sono i cookie, come li utilizziamo, i tipi di cookie che utilizziamo, ovvero le informazioni che raccogliamo utilizzando i cookie e come vengono utilizzate tali informazioni e come controllare le preferenze dei cookie. Per ulteriori informazioni su come utilizziamo, archiviamo e proteggiamo i tuoi dati personali, consulta la nostra Informativa sulla privacy. Puoi in qualsiasi momento modificare o revocare il tuo consenso dalla Dichiarazione sui cookie sul nostro sito Web. Scopri di pi\u00f9 su chi siamo, come puoi contattarci e come trattiamo i dati personali nella nostra Informativa sulla privacy. Il tuo consenso si applica ai seguenti domini: www.nuovaagis.it<\/span><\/p>\n<div class=\"cli_user_consent_state\">Il tuo stato attuale: Non \u00e8 stato concesso alcun consenso. <a class=\"cli_manage_current_consent\" style=\"cursor:pointer;text-decoration:underline;\">Gestisci il tuo consenso.<\/a> <\/div>\n<\/div>\n<h3>Cosa sono i cookies ?<\/h3>\n<div>\n<p>I cookie sono piccoli file di testo che vengono utilizzati per memorizzare piccole informazioni. I cookie vengono memorizzati sul tuo dispositivo quando il sito web viene caricato sul tuo browser. Questi cookie ci aiutano a far funzionare correttamente il sito Web, a renderlo pi\u00f9 sicuro, a fornire un&#8217;esperienza utente migliore e a capire come si comporta il sito Web e analizzare ci\u00f2 che funziona e dove deve essere migliorato.<\/p>\n<\/div>\n<h3>Come utilizziamo cookies ?<\/h3>\n<div>\n<p>Come la maggior parte dei servizi online, il nostro sito Web utilizza i cookie proprietari e di terze parti per vari scopi. I cookie proprietari sono principalmente necessari per il corretto funzionamento del sito Web e non raccolgono dati identificativi dell&#8217;utente.<\/p>\n<p>I cookie di terze parti utilizzati sui nostri siti Web vengono utilizzati principalmente per comprendere le prestazioni del sito Web, come interagisci con il nostro sito Web, mantenendo i nostri servizi sicuri, fornendo annunci pubblicitari pertinenti per te e tutto sommato fornendoti un servizio migliore e migliorato esperienza utente e aiuto per accelerare le interazioni future con il nostro sito Web.<\/p>\n<\/div>\n<h3>Quali tipi di cookies utilizziamo ?<\/h3>\n<div>\n<p id=\"tw-target-text\" class=\"tw-data-text tw-ta tw-text-small\" dir=\"ltr\" data-placeholder=\"Traduzione\"><span lang=\"it\" tabindex=\"0\"><strong>Essenziali<\/strong>: alcuni cookie sono essenziali per poter provare la piena funzionalit\u00e0 del nostro sito. Ci consentono di mantenere sessioni utente e prevenire eventuali minacce alla sicurezza. Non raccolgono o memorizzano alcuna informazione personale. Ad esempio, questi cookie consentono di accedere al proprio account, aggiungere prodotti al carrello e effettuare il checkout in modo sicuro. <\/span><\/p>\n<p class=\"tw-data-text tw-ta tw-text-small\" dir=\"ltr\" data-placeholder=\"Traduzione\"><span lang=\"it\" tabindex=\"0\"><strong>Statistici<\/strong>: questi cookie memorizzano informazioni come il numero di visitatori del sito Web, il numero di visitatori unici, quali pagine del sito Web sono state visitate, l&#8217;origine della visita, ecc. Questi dati ci aiutano a capire e analizzare il rendimento del sito Web e dove ha bisogno di miglioramenti. <\/span><\/p>\n<p class=\"tw-data-text tw-ta tw-text-small\" dir=\"ltr\" data-placeholder=\"Traduzione\"><span lang=\"it\" tabindex=\"0\"><strong>Marketing<\/strong>: il nostro sito Web visualizza annunci pubblicitari. Questi cookie vengono utilizzati per personalizzare gli annunci pubblicitari che ti mostriamo in modo che siano significativi per te. Questi cookie ci aiutano anche a tenere traccia dell&#8217;efficienza di queste campagne pubblicitarie. Le informazioni memorizzate in questi cookie possono anche essere utilizzate dai fornitori di annunci di terze parti per mostrarti annunci anche su altri siti Web sul browser. <\/span><\/p>\n<p class=\"tw-data-text tw-ta tw-text-small\" dir=\"ltr\" data-placeholder=\"Traduzione\"><span lang=\"it\" tabindex=\"0\"><strong>Funzionali<\/strong>: questi sono i cookie che aiutano alcune funzionalit\u00e0 non essenziali sul nostro sito Web. Queste funzionalit\u00e0 includono l&#8217;incorporamento di contenuti come video o la condivisione di contenuti sul sito Web su piattaforme di social media. <\/span><\/p>\n<p class=\"tw-data-text tw-ta tw-text-small\" dir=\"ltr\" data-placeholder=\"Traduzione\"><span lang=\"it\" tabindex=\"0\"><strong>Preferenz<\/strong>e: questi cookie ci aiutano a memorizzare le tue impostazioni e le preferenze di navigazione come le preferenze della lingua in modo da avere un&#8217;esperienza migliore ed efficiente nelle future visite al sito Web.<\/span><\/p>\n\n<\/div>\n<h3>Come puoi controllare le tue preferenze ?<\/h3>\n<div>\n<p id=\"tw-target-text\" class=\"tw-data-text tw-ta tw-text-small\" dir=\"ltr\" data-placeholder=\"Traduzione\"><span lang=\"it\" tabindex=\"0\">Se decidi di modificare le tue preferenze in un secondo momento durante la sessione di navigazione, puoi fare clic sulla scheda &#8220;Informativa sulla privacy e sui cookie&#8221; sullo schermo. Ci\u00f2 visualizzer\u00e0 nuovamente l&#8217;avviso di consenso che ti consentir\u00e0 di modificare le tue preferenze o revocare completamente il tuo consenso. Inoltre, diversi browser offrono metodi diversi per bloccare ed eliminare i cookie utilizzati dai siti Web. \u00c8 possibile modificare le impostazioni del browser per bloccare \/ eliminare i cookie. Per saperne di pi\u00f9 su come gestire ed eliminare i cookie, visitare wikipedia.org, www.allaboutcookies.org<\/span><\/p>\n<\/div>\n<\/div>\n","protected":false},"excerpt":{"rendered":"<p>A proposito della cookie policy Questa politica sui cookie spiega cosa sono i cookie e come li utilizziamo. \u00c8 necessario leggere questa politica per comprendere quali sono i cookie, come li utilizziamo, i tipi di cookie che utilizziamo, ovvero le informazioni che raccogliamo utilizzando i cookie e come vengono utilizzate&#8230;<\/p>\n<p> <a class=\"continue-reading-link\" href=\"https:\/\/www.nuovaagis.it\/index.php\/cookie-policy\/\"><span>Continua a leggere<\/span><i class=\"crycon-right-dir\"><\/i><\/a> <\/p>\n","protected":false},"author":1,"featured_media":0,"parent":0,"menu_order":0,"comment_status":"closed","ping_status":"closed","template":"","meta":{"footnotes":""},"class_list":["post-181","page","type-page","status-publish","hentry"],"_links":{"self":[{"href":"https:\/\/www.nuovaagis.it\/index.php\/wp-json\/wp\/v2\/pages\/181","targetHints":{"allow":["GET"]}}],"collection":[{"href":"https:\/\/www.nuovaagis.it\/index.php\/wp-json\/wp\/v2\/pages"}],"about":[{"href":"https:\/\/www.nuovaagis.it\/index.php\/wp-json\/wp\/v2\/types\/page"}],"author":[{"embeddable":true,"href":"https:\/\/www.nuovaagis.it\/index.php\/wp-json\/wp\/v2\/users\/1"}],"replies":[{"embeddable":true,"href":"https:\/\/www.nuovaagis.it\/index.php\/wp-json\/wp\/v2\/comments?post=181"}],"version-history":[{"count":3,"href":"https:\/\/www.nuovaagis.it\/index.php\/wp-json\/wp\/v2\/pages\/181\/revisions"}],"predecessor-version":[{"id":184,"href":"https:\/\/www.nuovaagis.it\/index.php\/wp-json\/wp\/v2\/pages\/181\/revisions\/184"}],"wp:attachment":[{"href":"https:\/\/www.nuovaagis.it\/index.php\/wp-json\/wp\/v2\/media?parent=181"}],"curies":[{"name":"wp","href":"https:\/\/api.w.org\/{rel}","templated":true}]}}