{"id":66,"date":"2019-07-10T17:24:32","date_gmt":"2019-07-10T15:24:32","guid":{"rendered":"http:\/\/www.nuovaagis.it\/?page_id=66"},"modified":"2019-09-05T17:24:42","modified_gmt":"2019-09-05T15:24:42","slug":"chi-siamo","status":"publish","type":"page","link":"https:\/\/www.nuovaagis.it\/index.php\/chi-siamo\/","title":{"rendered":"Nuova AGIS Sassoferrato"},"content":{"rendered":"\n<p>L&#8217; <strong>ASD Nuova A.Gi.S. <\/strong>nasce a Sassoferrato nel 2016 grazie all&#8217;idea del  presidente Mauro Pesciarelli  e alla &#8220;veterana&#8221; insegnante, per quanto giovane di et\u00e0 anagrafica, Pamela Ubertini (Classe 1984).<\/p>\n\n\n\n<p>La societ\u00e0 riconosciuta dal CONI, e affiliata alla UISP (Unione Italiana Sport Per tutti). <\/p>\n\n\n\n<div class=\"wp-block-image\"><figure class=\"alignleft is-resized\"><img loading=\"lazy\" decoding=\"async\" src=\"https:\/\/www.nuovaagis.it\/wp-content\/uploads\/2019\/08\/Pamela-819x1024.jpg\" alt=\"\" class=\"wp-image-212\" width=\"215\" height=\"269\" srcset=\"https:\/\/www.nuovaagis.it\/wp-content\/uploads\/2019\/08\/Pamela-819x1024.jpg 819w, https:\/\/www.nuovaagis.it\/wp-content\/uploads\/2019\/08\/Pamela-240x300.jpg 240w, https:\/\/www.nuovaagis.it\/wp-content\/uploads\/2019\/08\/Pamela-768x960.jpg 768w, https:\/\/www.nuovaagis.it\/wp-content\/uploads\/2019\/08\/Pamela.jpg 936w\" sizes=\"auto, (max-width: 215px) 100vw, 215px\" \/><figcaption>Pamela Ubertini<\/figcaption><\/figure><\/div>\n\n\n\n<p>La Nuova A.Gi.S  crede fermamente che investire nello sport significa investire nell&#8217;educazione , ed \u00e8 forse proprio per questo che in poco tempo riesce ad ottenere la<strong> <\/strong>partecipazione attiva di tutti i genitori  dei ragazzi e delle ragazze che ne fanno parte, che provengono sia da Sassoferrato che dalla vicina  Pergola. <br>Ora L&#8217; istruttrice si avvale, per la gestione corsi, anche della collaborazione di ginnaste\/i formati all&#8217;interno della Nuova A.Gi.S. , che stanno frequentando i corsi per l\u2019acquisizione dei brevetti per poter svolgere questa attivit\u00e0 come istruttori.<\/p>\n\n\n\n<p>Le attivit\u00e0 si rivolgono a bambine\/i dai 3 anni e alle ragazze\/i di tutte le et\u00e0 poich\u00e8 la ginnastica artistica, oltre ad essere una disciplina che favorisce la crescita e la coordinazione motoria, \u00e8 anche un momento di gioia e di creativit\u00e0 che introduce i concetti di ordine, disciplina e rispetto degli altri.<\/p>\n\n\n\n<p>L\u2019obiettivo fondamentale \u00e8 sempre quello di favorire un armonioso sviluppo del corpo e della mente degli atleti ad ogni et\u00e0 e livello, attraverso la pratica della ginnastica dilettantistica.  Ogni anno la nostra societ\u00e0 \u00e8 attiva nell\u2019 organizzazione di eventi sportivi e manifestazioni per favorire l\u2019incontro tra gli atleti e stimolarli a dare il meglio di s\u00e8 oltre a partecipare a  gare regionali e nazionali.<\/p>\n","protected":false},"excerpt":{"rendered":"<p>L&#8217; ASD Nuova A.Gi.S. nasce a Sassoferrato nel 2016 grazie all&#8217;idea del presidente Mauro Pesciarelli e alla &#8220;veterana&#8221; insegnante, per quanto giovane di et\u00e0 anagrafica, Pamela Ubertini (Classe 1984). La societ\u00e0 riconosciuta dal CONI, e affiliata alla UISP (Unione Italiana Sport Per tutti). La Nuova A.Gi.S crede fermamente che investire&#8230;<\/p>\n<p> <a class=\"continue-reading-link\" href=\"https:\/\/www.nuovaagis.it\/index.php\/chi-siamo\/\"><span>Continua a leggere<\/span><i class=\"crycon-right-dir\"><\/i><\/a> <\/p>\n","protected":false},"author":1,"featured_media":0,"parent":0,"menu_order":0,"comment_status":"closed","ping_status":"closed","template":"","meta":{"footnotes":""},"class_list":["post-66","page","type-page","status-publish","hentry"],"_links":{"self":[{"href":"https:\/\/www.nuovaagis.it\/index.php\/wp-json\/wp\/v2\/pages\/66","targetHints":{"allow":["GET"]}}],"collection":[{"href":"https:\/\/www.nuovaagis.it\/index.php\/wp-json\/wp\/v2\/pages"}],"about":[{"href":"https:\/\/www.nuovaagis.it\/index.php\/wp-json\/wp\/v2\/types\/page"}],"author":[{"embeddable":true,"href":"https:\/\/www.nuovaagis.it\/index.php\/wp-json\/wp\/v2\/users\/1"}],"replies":[{"embeddable":true,"href":"https:\/\/www.nuovaagis.it\/index.php\/wp-json\/wp\/v2\/comments?post=66"}],"version-history":[{"count":14,"href":"https:\/\/www.nuovaagis.it\/index.php\/wp-json\/wp\/v2\/pages\/66\/revisions"}],"predecessor-version":[{"id":346,"href":"https:\/\/www.nuovaagis.it\/index.php\/wp-json\/wp\/v2\/pages\/66\/revisions\/346"}],"wp:attachment":[{"href":"https:\/\/www.nuovaagis.it\/index.php\/wp-json\/wp\/v2\/media?parent=66"}],"curies":[{"name":"wp","href":"https:\/\/api.w.org\/{rel}","templated":true}]}}